{"id":1230,"date":"2023-02-24T14:54:23","date_gmt":"2023-02-24T13:54:23","guid":{"rendered":"https:\/\/www.soulutions.io\/?page_id=1230"},"modified":"2023-03-09T14:58:51","modified_gmt":"2023-03-09T13:58:51","slug":"impressum","status":"publish","type":"page","link":"https:\/\/www.soulytics.io\/de\/impressum\/","title":{"rendered":"Impressum"},"content":{"rendered":"\t\t<div data-elementor-type=\"wp-page\" data-elementor-id=\"1230\" class=\"elementor elementor-1230\" data-elementor-settings=\"{&quot;element_pack_global_tooltip_width&quot;:{&quot;unit&quot;:&quot;px&quot;,&quot;size&quot;:&quot;&quot;,&quot;sizes&quot;:[]},&quot;element_pack_global_tooltip_width_laptop&quot;:{&quot;unit&quot;:&quot;px&quot;,&quot;size&quot;:&quot;&quot;,&quot;sizes&quot;:[]},&quot;element_pack_global_tooltip_width_tablet_extra&quot;:{&quot;unit&quot;:&quot;px&quot;,&quot;size&quot;:&quot;&quot;,&quot;sizes&quot;:[]},&quot;element_pack_global_tooltip_width_tablet&quot;:{&quot;unit&quot;:&quot;px&quot;,&quot;size&quot;:&quot;&quot;,&quot;sizes&quot;:[]},&quot;element_pack_global_tooltip_width_mobile&quot;:{&quot;unit&quot;:&quot;px&quot;,&quot;size&quot;:&quot;&quot;,&quot;sizes&quot;:[]},&quot;element_pack_global_tooltip_padding&quot;:{&quot;unit&quot;:&quot;px&quot;,&quot;top&quot;:&quot;&quot;,&quot;right&quot;:&quot;&quot;,&quot;bottom&quot;:&quot;&quot;,&quot;left&quot;:&quot;&quot;,&quot;isLinked&quot;:true},&quot;element_pack_global_tooltip_padding_laptop&quot;:{&quot;unit&quot;:&quot;px&quot;,&quot;top&quot;:&quot;&quot;,&quot;right&quot;:&quot;&quot;,&quot;bottom&quot;:&quot;&quot;,&quot;left&quot;:&quot;&quot;,&quot;isLinked&quot;:true},&quot;element_pack_global_tooltip_padding_tablet_extra&quot;:{&quot;unit&quot;:&quot;px&quot;,&quot;top&quot;:&quot;&quot;,&quot;right&quot;:&quot;&quot;,&quot;bottom&quot;:&quot;&quot;,&quot;left&quot;:&quot;&quot;,&quot;isLinked&quot;:true},&quot;element_pack_global_tooltip_padding_tablet&quot;:{&quot;unit&quot;:&quot;px&quot;,&quot;top&quot;:&quot;&quot;,&quot;right&quot;:&quot;&quot;,&quot;bottom&quot;:&quot;&quot;,&quot;left&quot;:&quot;&quot;,&quot;isLinked&quot;:true},&quot;element_pack_global_tooltip_padding_mobile&quot;:{&quot;unit&quot;:&quot;px&quot;,&quot;top&quot;:&quot;&quot;,&quot;right&quot;:&quot;&quot;,&quot;bottom&quot;:&quot;&quot;,&quot;left&quot;:&quot;&quot;,&quot;isLinked&quot;:true},&quot;element_pack_global_tooltip_border_radius&quot;:{&quot;unit&quot;:&quot;px&quot;,&quot;top&quot;:&quot;&quot;,&quot;right&quot;:&quot;&quot;,&quot;bottom&quot;:&quot;&quot;,&quot;left&quot;:&quot;&quot;,&quot;isLinked&quot;:true},&quot;element_pack_global_tooltip_border_radius_laptop&quot;:{&quot;unit&quot;:&quot;px&quot;,&quot;top&quot;:&quot;&quot;,&quot;right&quot;:&quot;&quot;,&quot;bottom&quot;:&quot;&quot;,&quot;left&quot;:&quot;&quot;,&quot;isLinked&quot;:true},&quot;element_pack_global_tooltip_border_radius_tablet_extra&quot;:{&quot;unit&quot;:&quot;px&quot;,&quot;top&quot;:&quot;&quot;,&quot;right&quot;:&quot;&quot;,&quot;bottom&quot;:&quot;&quot;,&quot;left&quot;:&quot;&quot;,&quot;isLinked&quot;:true},&quot;element_pack_global_tooltip_border_radius_tablet&quot;:{&quot;unit&quot;:&quot;px&quot;,&quot;top&quot;:&quot;&quot;,&quot;right&quot;:&quot;&quot;,&quot;bottom&quot;:&quot;&quot;,&quot;left&quot;:&quot;&quot;,&quot;isLinked&quot;:true},&quot;element_pack_global_tooltip_border_radius_mobile&quot;:{&quot;unit&quot;:&quot;px&quot;,&quot;top&quot;:&quot;&quot;,&quot;right&quot;:&quot;&quot;,&quot;bottom&quot;:&quot;&quot;,&quot;left&quot;:&quot;&quot;,&quot;isLinked&quot;:true}}\" data-elementor-post-type=\"page\">\n\t\t\t\t\t\t<section class=\"elementor-section elementor-top-section elementor-element elementor-element-8a9f81d soulutions-mini-col elementor-section-boxed elementor-section-height-default elementor-section-height-default\" data-id=\"8a9f81d\" data-element_type=\"section\">\n\t\t\t\t\t\t<div class=\"elementor-container elementor-column-gap-default\">\n\t\t\t\t\t<div class=\"elementor-column elementor-col-100 elementor-top-column elementor-element elementor-element-9f2e36d\" data-id=\"9f2e36d\" data-element_type=\"column\">\n\t\t\t<div class=\"elementor-widget-wrap elementor-element-populated\">\n\t\t\t\t\t\t<div class=\"elementor-element elementor-element-11ce05e elementor-widget elementor-widget-heading\" data-id=\"11ce05e\" data-element_type=\"widget\" data-widget_type=\"heading.default\">\n\t\t\t\t<div class=\"elementor-widget-container\">\n\t\t\t\t\t<span class=\"elementor-heading-title elementor-size-default\">Impressum<\/span>\t\t\t\t<\/div>\n\t\t\t\t<\/div>\n\t\t\t\t<div class=\"elementor-element elementor-element-456418a elementor-widget elementor-widget-text-editor\" data-id=\"456418a\" data-element_type=\"widget\" data-widget_type=\"text-editor.default\">\n\t\t\t\t<div class=\"elementor-widget-container\">\n\t\t\t\t\t\t\t\t\t<p><strong>Soulutions GmbH<\/strong><br \/>Otto-Weidt-Platz 11<br \/>10557 Berlin<br \/>Deutschland<\/p><p>Tel.: +49 (0) 30 814 548 290<br \/>E-Mail: info@soulutions.io<\/p><p>Registergericht: Amtsgericht Berlin-Charlottenburg<br \/>Registernummer: HRB 208731<\/p><p>Gesch\u00e4ftsf\u00fchrung: Jan Radoch, Stefan Reichel<\/p><p>Umsatzsteuer-Identifikationsnummer: DE325917553<\/p><p><strong>Umsetzung von<\/strong><br \/>Agentur Denkwunder GmbH, <a href=\"https:\/\/www.denkwunder.de\/\" target=\"_blank\" rel=\"noopener\">www.denkwunder.de<\/a><\/p><p><strong>Haftung f\u00fcr Inhalte<\/strong><br \/>Die Inhalte unserer Seiten wurden mit gr\u00f6\u00dfter Sorgfalt erstellt. F\u00fcr die Richtigkeit, Vollst\u00e4ndigkeit und Aktualit\u00e4t der Inhalte k\u00f6nnen wir jedoch keine Gew\u00e4hr \u00fcbernehmen. Als Diensteanbieter sind wir gem\u00e4\u00df \u00a7 7 Abs.1 TMG f\u00fcr eigene Inhalte auf diesen Seiten nach den allgemeinen Gesetzen verantwortlich. Nach \u00a7\u00a7 8 bis 10 TMG sind wir als Diensteanbieter jedoch nicht verpflichtet, \u00fcbermittelte oder gespeicherte fremde Informationen zu \u00fcberwachen oder nach Umst\u00e4nden zu forschen, die auf eine rechtswidrige T\u00e4tigkeit hinweisen. Verpflichtungen zur Entfernung oder Sperrung der Nutzung von Informationen nach den allgemeinen Gesetzen bleiben hiervon unber\u00fchrt. Eine diesbez\u00fcgliche Haftung ist jedoch erst ab dem Zeitpunkt der Kenntnis einer konkreten Rechtsverletzung m\u00f6glich. Bei Bekanntwerden von entsprechenden Rechtsverletzungen werden wir diese Inhalte umgehend entfernen.<\/p><p><strong>Haftung f\u00fcr Links<\/strong><br \/>Unser Angebot enth\u00e4lt Links zu externen Webseiten Dritter, auf deren Inhalte wir keinen Einfluss haben. Deshalb k\u00f6nnen wir f\u00fcr diese fremden Inhalte auch keine Gew\u00e4hr \u00fcbernehmen. F\u00fcr die Inhalte der verlinkten Seiten ist stets der jeweilige Anbieter oder Betreiber der Seiten verantwortlich. Die verlinkten Seiten wurden zum Zeitpunkt der Verlinkung auf m\u00f6gliche Rechtsverst\u00f6\u00dfe \u00fcberpr\u00fcft. Rechtswidrige Inhalte waren zum Zeitpunkt der Verlinkung nicht erkennbar. Eine permanente inhaltliche Kontrolle der verlinkten Seiten ist jedoch ohne konkrete Anhaltspunkte einer Rechtsverletzung nicht zumutbar. Bei Bekanntwerden von Rechtsverletzungen werden wir derartige Links umgehend entfernen.<\/p><p><strong>Urheberrecht<\/strong><br \/>Die durch die Seitenbetreiber erstellten Inhalte und Werke auf diesen Seiten unterliegen dem deutschen Urheberrecht. Die Vervielf\u00e4ltigung, Bearbeitung, Verbreitung und jede Art der Verwertung au\u00dferhalb der Grenzen des Urheberrechtes bed\u00fcrfen der schriftlichen Zustimmung des jeweiligen Autors bzw. Erstellers. Downloads und Kopien dieser Seite sind nur f\u00fcr den privaten, nicht kommerziellen Gebrauch gestattet. Soweit die Inhalte auf dieser Seite nicht vom Betreiber erstellt wurden, werden die Urheberrechte Dritter beachtet. Insbesondere werden Inhalte Dritter als solche gekennzeichnet. Sollten Sie trotzdem auf eine Urheberrechtsverletzung aufmerksam werden, bitten wir um einen entsprechenden Hinweis. Bei Bekanntwerden von Rechtsverletzungen werden wir derartige Inhalte umgehend entfernen.<\/p>\t\t\t\t\t\t\t\t<\/div>\n\t\t\t\t<\/div>\n\t\t\t\t\t<\/div>\n\t\t<\/div>\n\t\t\t\t\t<\/div>\n\t\t<\/section>\n\t\t\t\t<\/div>\n\t\t","protected":false},"excerpt":{"rendered":"<p>Impressum Soulutions GmbHOtto-Weidt-Platz 1110557 BerlinDeutschland Tel.: +49 (0) 30 814 548 290E-Mail: info@soulutions.io Registergericht: Amtsgericht Berlin-CharlottenburgRegisternummer: HRB 208731 Gesch\u00e4ftsf\u00fchrung: Jan Radoch, Stefan Reichel Umsatzsteuer-Identifikationsnummer: DE325917553 Umsetzung vonAgentur Denkwunder GmbH, www.denkwunder.de Haftung f\u00fcr InhalteDie Inhalte unserer Seiten wurden mit gr\u00f6\u00dfter Sorgfalt erstellt. F\u00fcr die Richtigkeit, Vollst\u00e4ndigkeit und Aktualit\u00e4t der Inhalte k\u00f6nnen wir jedoch keine Gew\u00e4hr \u00fcbernehmen. [&hellip;]<\/p>\n","protected":false},"author":2,"featured_media":0,"parent":0,"menu_order":0,"comment_status":"closed","ping_status":"closed","template":"","meta":{"inline_featured_image":false,"footnotes":""},"class_list":["post-1230","page","type-page","status-publish","hentry"],"yoast_head":"<!-- This site is optimized with the Yoast SEO plugin v24.6 - https:\/\/yoast.com\/wordpress\/plugins\/seo\/ -->\n<title>Impressum - Soulutions GmbH<\/title>\n<meta name=\"robots\" content=\"index, follow, max-snippet:-1, max-image-preview:large, max-video-preview:-1\" \/>\n<link rel=\"canonical\" href=\"https:\/\/www.soulytics.io\/de\/impressum\/\" \/>\n<meta property=\"og:locale\" content=\"de_DE\" \/>\n<meta property=\"og:type\" content=\"article\" \/>\n<meta property=\"og:title\" content=\"Impressum - Soulutions GmbH\" \/>\n<meta property=\"og:description\" content=\"Impressum Soulutions GmbHOtto-Weidt-Platz 1110557 BerlinDeutschland Tel.: +49 (0) 30 814 548 290E-Mail: info@soulutions.io Registergericht: Amtsgericht Berlin-CharlottenburgRegisternummer: HRB 208731 Gesch\u00e4ftsf\u00fchrung: Jan Radoch, Stefan Reichel Umsatzsteuer-Identifikationsnummer: DE325917553 Umsetzung vonAgentur Denkwunder GmbH, www.denkwunder.de Haftung f\u00fcr InhalteDie Inhalte unserer Seiten wurden mit gr\u00f6\u00dfter Sorgfalt erstellt. F\u00fcr die Richtigkeit, Vollst\u00e4ndigkeit und Aktualit\u00e4t der Inhalte k\u00f6nnen wir jedoch keine Gew\u00e4hr \u00fcbernehmen. [&hellip;]\" \/>\n<meta property=\"og:url\" content=\"https:\/\/www.soulytics.io\/de\/impressum\/\" \/>\n<meta property=\"og:site_name\" content=\"Soulutions GmbH\" \/>\n<meta property=\"article:modified_time\" content=\"2023-03-09T13:58:51+00:00\" \/>\n<meta name=\"twitter:card\" content=\"summary_large_image\" \/>\n<meta name=\"twitter:label1\" content=\"Gesch\u00e4tzte Lesezeit\" \/>\n\t<meta name=\"twitter:data1\" content=\"2\u00a0Minuten\" \/>\n<script type=\"application\/ld+json\" class=\"yoast-schema-graph\">{\"@context\":\"https:\/\/schema.org\",\"@graph\":[{\"@type\":\"WebPage\",\"@id\":\"https:\/\/www.soulytics.io\/de\/impressum\/\",\"url\":\"https:\/\/www.soulytics.io\/de\/impressum\/\",\"name\":\"Impressum - Soulutions GmbH\",\"isPartOf\":{\"@id\":\"https:\/\/www.soulytics.io\/de\/#website\"},\"datePublished\":\"2023-02-24T13:54:23+00:00\",\"dateModified\":\"2023-03-09T13:58:51+00:00\",\"breadcrumb\":{\"@id\":\"https:\/\/www.soulytics.io\/de\/impressum\/#breadcrumb\"},\"inLanguage\":\"de\",\"potentialAction\":[{\"@type\":\"ReadAction\",\"target\":[\"https:\/\/www.soulytics.io\/de\/impressum\/\"]}]},{\"@type\":\"BreadcrumbList\",\"@id\":\"https:\/\/www.soulytics.io\/de\/impressum\/#breadcrumb\",\"itemListElement\":[{\"@type\":\"ListItem\",\"position\":1,\"name\":\"Startseite\",\"item\":\"https:\/\/www.soulytics.io\/de\/\"},{\"@type\":\"ListItem\",\"position\":2,\"name\":\"Impressum\"}]},{\"@type\":\"WebSite\",\"@id\":\"https:\/\/www.soulytics.io\/de\/#website\",\"url\":\"https:\/\/www.soulytics.io\/de\/\",\"name\":\"Soulutions GmbH\",\"description\":\"\",\"publisher\":{\"@id\":\"https:\/\/www.soulytics.io\/de\/#organization\"},\"potentialAction\":[{\"@type\":\"SearchAction\",\"target\":{\"@type\":\"EntryPoint\",\"urlTemplate\":\"https:\/\/www.soulytics.io\/de\/?s={search_term_string}\"},\"query-input\":{\"@type\":\"PropertyValueSpecification\",\"valueRequired\":true,\"valueName\":\"search_term_string\"}}],\"inLanguage\":\"de\"},{\"@type\":\"Organization\",\"@id\":\"https:\/\/www.soulytics.io\/de\/#organization\",\"name\":\"Soulutions GmbH\",\"alternateName\":\"Soulutions GmbH\",\"url\":\"https:\/\/www.soulytics.io\/de\/\",\"logo\":{\"@type\":\"ImageObject\",\"inLanguage\":\"de\",\"@id\":\"https:\/\/www.soulytics.io\/de\/#\/schema\/logo\/image\/\",\"url\":\"https:\/\/www.soulutions.io\/wp-content\/uploads\/2022\/12\/soulutions-logo-white.svg\",\"contentUrl\":\"https:\/\/www.soulutions.io\/wp-content\/uploads\/2022\/12\/soulutions-logo-white.svg\",\"width\":145,\"height\":23,\"caption\":\"Soulutions GmbH\"},\"image\":{\"@id\":\"https:\/\/www.soulytics.io\/de\/#\/schema\/logo\/image\/\"}}]}<\/script>\n<!-- \/ Yoast SEO plugin. -->","yoast_head_json":{"title":"Impressum - Soulutions GmbH","robots":{"index":"index","follow":"follow","max-snippet":"max-snippet:-1","max-image-preview":"max-image-preview:large","max-video-preview":"max-video-preview:-1"},"canonical":"https:\/\/www.soulytics.io\/de\/impressum\/","og_locale":"de_DE","og_type":"article","og_title":"Impressum - Soulutions GmbH","og_description":"Impressum Soulutions GmbHOtto-Weidt-Platz 1110557 BerlinDeutschland Tel.: +49 (0) 30 814 548 290E-Mail: info@soulutions.io Registergericht: Amtsgericht Berlin-CharlottenburgRegisternummer: HRB 208731 Gesch\u00e4ftsf\u00fchrung: Jan Radoch, Stefan Reichel Umsatzsteuer-Identifikationsnummer: DE325917553 Umsetzung vonAgentur Denkwunder GmbH, www.denkwunder.de Haftung f\u00fcr InhalteDie Inhalte unserer Seiten wurden mit gr\u00f6\u00dfter Sorgfalt erstellt. F\u00fcr die Richtigkeit, Vollst\u00e4ndigkeit und Aktualit\u00e4t der Inhalte k\u00f6nnen wir jedoch keine Gew\u00e4hr \u00fcbernehmen. [&hellip;]","og_url":"https:\/\/www.soulytics.io\/de\/impressum\/","og_site_name":"Soulutions GmbH","article_modified_time":"2023-03-09T13:58:51+00:00","twitter_card":"summary_large_image","twitter_misc":{"Gesch\u00e4tzte Lesezeit":"2\u00a0Minuten"},"schema":{"@context":"https:\/\/schema.org","@graph":[{"@type":"WebPage","@id":"https:\/\/www.soulytics.io\/de\/impressum\/","url":"https:\/\/www.soulytics.io\/de\/impressum\/","name":"Impressum - Soulutions GmbH","isPartOf":{"@id":"https:\/\/www.soulytics.io\/de\/#website"},"datePublished":"2023-02-24T13:54:23+00:00","dateModified":"2023-03-09T13:58:51+00:00","breadcrumb":{"@id":"https:\/\/www.soulytics.io\/de\/impressum\/#breadcrumb"},"inLanguage":"de","potentialAction":[{"@type":"ReadAction","target":["https:\/\/www.soulytics.io\/de\/impressum\/"]}]},{"@type":"BreadcrumbList","@id":"https:\/\/www.soulytics.io\/de\/impressum\/#breadcrumb","itemListElement":[{"@type":"ListItem","position":1,"name":"Startseite","item":"https:\/\/www.soulytics.io\/de\/"},{"@type":"ListItem","position":2,"name":"Impressum"}]},{"@type":"WebSite","@id":"https:\/\/www.soulytics.io\/de\/#website","url":"https:\/\/www.soulytics.io\/de\/","name":"Soulutions GmbH","description":"","publisher":{"@id":"https:\/\/www.soulytics.io\/de\/#organization"},"potentialAction":[{"@type":"SearchAction","target":{"@type":"EntryPoint","urlTemplate":"https:\/\/www.soulytics.io\/de\/?s={search_term_string}"},"query-input":{"@type":"PropertyValueSpecification","valueRequired":true,"valueName":"search_term_string"}}],"inLanguage":"de"},{"@type":"Organization","@id":"https:\/\/www.soulytics.io\/de\/#organization","name":"Soulutions GmbH","alternateName":"Soulutions GmbH","url":"https:\/\/www.soulytics.io\/de\/","logo":{"@type":"ImageObject","inLanguage":"de","@id":"https:\/\/www.soulytics.io\/de\/#\/schema\/logo\/image\/","url":"https:\/\/www.soulutions.io\/wp-content\/uploads\/2022\/12\/soulutions-logo-white.svg","contentUrl":"https:\/\/www.soulutions.io\/wp-content\/uploads\/2022\/12\/soulutions-logo-white.svg","width":145,"height":23,"caption":"Soulutions GmbH"},"image":{"@id":"https:\/\/www.soulytics.io\/de\/#\/schema\/logo\/image\/"}}]}},"_links":{"self":[{"href":"https:\/\/www.soulytics.io\/de\/wp-json\/wp\/v2\/pages\/1230","targetHints":{"allow":["GET"]}}],"collection":[{"href":"https:\/\/www.soulytics.io\/de\/wp-json\/wp\/v2\/pages"}],"about":[{"href":"https:\/\/www.soulytics.io\/de\/wp-json\/wp\/v2\/types\/page"}],"author":[{"embeddable":true,"href":"https:\/\/www.soulytics.io\/de\/wp-json\/wp\/v2\/users\/2"}],"replies":[{"embeddable":true,"href":"https:\/\/www.soulytics.io\/de\/wp-json\/wp\/v2\/comments?post=1230"}],"version-history":[{"count":6,"href":"https:\/\/www.soulytics.io\/de\/wp-json\/wp\/v2\/pages\/1230\/revisions"}],"predecessor-version":[{"id":1523,"href":"https:\/\/www.soulytics.io\/de\/wp-json\/wp\/v2\/pages\/1230\/revisions\/1523"}],"wp:attachment":[{"href":"https:\/\/www.soulytics.io\/de\/wp-json\/wp\/v2\/media?parent=1230"}],"curies":[{"name":"wp","href":"https:\/\/api.w.org\/{rel}","templated":true}]}}